{"id":3298,"date":"2023-11-02T13:10:15","date_gmt":"2023-11-02T12:10:15","guid":{"rendered":"https:\/\/transparencia.bizkeliza.org\/balantze-ekonomikoak\/2022ko-barri-ekonomikoak\/"},"modified":"2023-11-02T13:10:15","modified_gmt":"2023-11-02T12:10:15","slug":"2022ko-barri-ekonomikoak","status":"publish","type":"page","link":"https:\/\/transparencia.bizkeliza.org\/eu\/2022ko-barri-ekonomikoak\/","title":{"rendered":"2022ko barri ekonomikoak"},"content":{"rendered":"<p>[et_pb_section fb_built=&#8221;1&#8243; disabled_on=&#8221;off|off|off&#8221; _builder_version=&#8221;4.18.0&#8243; _module_preset=&#8221;default&#8221; global_colors_info=&#8221;{}&#8221;][et_pb_row _builder_version=&#8221;4.18.0&#8243; _module_preset=&#8221;default&#8221; global_colors_info=&#8221;{}&#8221;][et_pb_column type=&#8221;4_4&#8243; _builder_version=&#8221;4.18.0&#8243; _module_preset=&#8221;default&#8221; global_colors_info=&#8221;{}&#8221;][et_pb_text _builder_version=&#8221;4.23&#8243; _module_preset=&#8221;default&#8221; global_colors_info=&#8221;{}&#8221;]<\/p>\n<h1 style=\"text-align: center;\"><strong>Cuenta de resultados<\/strong><\/h1>\n<h2 style=\"text-align: center;\"><strong>Di\u00f3cesis de Bilbao. A\u00f1o 2022<\/strong><\/h2>\n<p>[\/et_pb_text][\/et_pb_column][\/et_pb_row][et_pb_row column_structure=&#8221;1_2,1_2&#8243; _builder_version=&#8221;4.18.0&#8243; _module_preset=&#8221;default&#8221; custom_margin=&#8221;||||false|false&#8221; global_colors_info=&#8221;{}&#8221;][et_pb_column type=&#8221;1_2&#8243; _builder_version=&#8221;4.18.0&#8243; _module_preset=&#8221;default&#8221; global_colors_info=&#8221;{}&#8221;][et_pb_text _builder_version=&#8221;4.18.0&#8243; _module_preset=&#8221;default&#8221; global_colors_info=&#8221;{}&#8221;]<\/p>\n<h2 style=\"text-align: center;\"><strong>Ingresos ordinarios<\/strong><\/h2>\n<p>[\/et_pb_text][et_pb_text _builder_version=&#8221;4.23&#8243; _module_preset=&#8221;default&#8221; text_font=&#8221;||||||||&#8221; global_colors_info=&#8221;{}&#8221;]<\/p>\n<table border=\"2\" style=\"width: 100%; border-collapse: collapse; margin-left: auto; margin-right: auto;\">\n<tbody>\n<tr>\n<td style=\"width: 50%; text-align: center;\" colspan=\"2\"><strong>Aportaciones directas de los fieles<\/strong><\/td>\n<\/tr>\n<tr>\n<td style=\"width: 65%;\">Colectas<\/td>\n<td style=\"width: 50%; text-align: right;\">2.082.974,21 \u20ac<\/td>\n<\/tr>\n<tr>\n<td style=\"width: 65%;\">Suscripciones<\/td>\n<td style=\"width: 50%; text-align: right;\">1.334.571,56 \u20ac<\/td>\n<\/tr>\n<tr>\n<td style=\"width: 65%;\">Colectas para instituciones de la Iglesia<\/td>\n<td style=\"width: 50%; text-align: right;\">767.710,8 \u20ac<\/td>\n<\/tr>\n<tr>\n<td style=\"width: 65%;\">Otros ingresos de los fieles<\/td>\n<td style=\"width: 50%; text-align: right;\">1.920.532,84 \u20ac<\/td>\n<\/tr>\n<tr>\n<td style=\"background-color: #006b54; width: 65%;\"><span style=\"color: #ffffff;\"><strong>TOTAL<\/strong><\/span><\/td>\n<td style=\"width: 50%; background-color: #006b54; text-align: right;\"><span style=\"color: #ffffff;\"><strong>6.105.789,41 \u20ac<\/strong><\/span><\/td>\n<\/tr>\n<\/tbody>\n<\/table>\n<p>&nbsp;<\/p>\n<table border=\"2\" style=\"width: 100%; border-collapse: collapse; margin-left: auto; margin-right: auto;\">\n<tbody>\n<tr>\n<td style=\"width: 120%; text-align: center;\" colspan=\"2\"><strong>Asignaci\u00f3n tributaria (Fondo Com\u00fan Interdiocesano)<\/strong><\/td>\n<\/tr>\n<tr>\n<td style=\"width: 65%;\">Fondo Com\u00fan Interdiocesano<\/td>\n<td style=\"width: 41.0714%; text-align: right;\">3.907.516,42 \u20ac<\/td>\n<\/tr>\n<tr>\n<td style=\"background-color: #006b54; width: 65%;\"><span style=\"color: #ffffff;\"><strong>TOTAL<\/strong><\/span><\/td>\n<td style=\"width: 41.0714%; background-color: #006b54; text-align: right;\"><strong><span style=\"color: #ffffff;\">3.907.516,42 \u20ac<\/span><\/strong><\/td>\n<\/tr>\n<\/tbody>\n<\/table>\n<p>&nbsp;<\/p>\n<table border=\"2\" style=\"width: 100%; border-collapse: collapse; margin-left: auto; margin-right: auto;\">\n<tbody>\n<tr>\n<td style=\"width: 50%; text-align: center;\" colspan=\"2\"><strong>Ingresos de patrimonio y otras actividades<\/strong><\/td>\n<\/tr>\n<tr>\n<td style=\"width: 65%;\">Alquileres inmuebles<\/td>\n<td style=\"width: 50%; text-align: right;\">2.578.877,98 \u20ac<\/td>\n<\/tr>\n<tr>\n<td style=\"width: 65%;\">Financieros<\/td>\n<td style=\"width: 50%; text-align: right;\">657.027,97 \u20ac<\/td>\n<\/tr>\n<tr>\n<td style=\"width: 65%;\">Actividades\u00a0 econ\u00f3micas<\/td>\n<td style=\"width: 50%; text-align: right;\">1.152.901,22 \u20ac<\/td>\n<\/tr>\n<tr>\n<td style=\"background-color: #006b54; width: 65%;\"><span style=\"color: #ffffff;\"><strong>TOTAL<\/strong><\/span><\/td>\n<td style=\"width: 50%; background-color: #006b54; text-align: right;\"><span style=\"color: #ffffff;\"><strong>4.388.807,17 \u20ac<\/strong><\/span><\/td>\n<\/tr>\n<\/tbody>\n<\/table>\n<p>&nbsp;<\/p>\n<table border=\"2\" style=\"width: 100%; border-collapse: collapse; margin-left: auto; margin-right: auto;\">\n<tbody>\n<tr>\n<td style=\"width: 120%; text-align: center;\" colspan=\"2\"><strong>Otros ingresos corrientes<\/strong><\/td>\n<\/tr>\n<tr>\n<td style=\"width: 65%;\">Ingresos por servicios<\/td>\n<td style=\"width: 41.0714%; text-align: right;\">7.345.296,53 \u20ac<\/td>\n<\/tr>\n<tr>\n<td style=\"width: 65%;\">Subvenciones p\u00fablicas corrientes<\/td>\n<td style=\"width: 41.0714%; text-align: right;\">5.431.918,83 \u20ac<\/td>\n<\/tr>\n<tr>\n<td style=\"width: 65%;\">Ingresos de instituciones diocesanas<\/td>\n<td style=\"width: 41.0714%; text-align: right;\">41.125.769,19 \u20ac<\/td>\n<\/tr>\n<tr>\n<td style=\"background-color: #006b54; width: 65%;\"><span style=\"color: #ffffff;\"><strong>TOTAL<\/strong><\/span><\/td>\n<td style=\"width: 41.0714%; background-color: #006b54; text-align: right;\"><span style=\"color: #ffffff;\"><b>53.902.984,55 \u20ac<\/b><\/span><\/td>\n<\/tr>\n<\/tbody>\n<\/table>\n<p>&nbsp;<\/p>\n<table border=\"2\" style=\"width: 100%; border-collapse: collapse; margin-left: auto; margin-right: auto;\">\n<tbody>\n<tr>\n<td style=\"background-color: #006b54; width: 65%;\"><span style=\"color: #ffffff;\"><strong>Total ingresos ordinarios<\/strong><\/span><\/td>\n<td style=\"width: 41.0714%; background-color: #006b54;\"><strong><span style=\"color: #ffffff;\">68.305.097,55 \u20ac<\/span><\/strong><\/td>\n<\/tr>\n<\/tbody>\n<\/table>\n<p>&nbsp;<\/p>\n<table border=\"2\" style=\"width: 100%; border-collapse: collapse; margin-left: auto; margin-right: auto;\">\n<tbody>\n<tr>\n<td style=\"width: 111.071%; text-align: center;\" colspan=\"2\"><strong>Ingresos extraordinarios<\/strong><\/td>\n<\/tr>\n<tr>\n<td style=\"width: 65%;\">Subvenciones de capital<\/td>\n<td style=\"width: 41.0714%; text-align: right;\">109.561,73 \u20ac<\/td>\n<\/tr>\n<tr>\n<td style=\"width: 65%;\">Enajenaciones de patrimonio (*)<\/td>\n<td style=\"width: 41.0714%; text-align: right;\">12.012.030,64 \u20ac <\/td>\n<\/tr>\n<tr>\n<td style=\"width: 65%;\">Otros ingresos extraordinarios<\/td>\n<td style=\"width: 41.0714%; text-align: right;\">641.399,27 \u20ac<\/td>\n<\/tr>\n<tr>\n<td style=\"background-color: #006b54; width: 65%;\"><span style=\"color: #ffffff;\"><strong>TOTAL<\/strong><\/span><\/td>\n<td style=\"width: 41.0714%; background-color: #006b54; text-align: right;\"><span style=\"color: #ffffff;\"><b>12.762.991,64 \u20ac<\/b><\/span><\/td>\n<\/tr>\n<\/tbody>\n<\/table>\n<p>&nbsp;[\/et_pb_text][et_pb_text _builder_version=&#8221;4.23&#8243; _module_preset=&#8221;default&#8221; global_colors_info=&#8221;{}&#8221;]<\/p>\n<p>(*) <em>Ingreso extraordinario de 11,5 M\u20ac por la entrega de terreno en la permuta del Edificio de futura sede Obispado<\/em><\/p>\n<p>[\/et_pb_text][\/et_pb_column][et_pb_column type=&#8221;1_2&#8243; _builder_version=&#8221;4.18.0&#8243; _module_preset=&#8221;default&#8221; global_colors_info=&#8221;{}&#8221;][et_pb_text _builder_version=&#8221;4.18.0&#8243; _module_preset=&#8221;default&#8221; global_colors_info=&#8221;{}&#8221;]<\/p>\n<h2 style=\"text-align: center;\"><strong>Gastos Ordinarios<\/strong><\/h2>\n<p>[\/et_pb_text][et_pb_text _builder_version=&#8221;4.23&#8243; _module_preset=&#8221;default&#8221; hover_enabled=&#8221;0&#8243; global_colors_info=&#8221;{}&#8221; sticky_enabled=&#8221;0&#8243;]<\/p>\n<table border=\"2\" style=\"width: 100%; border-collapse: collapse; margin-left: auto; margin-right: auto;\">\n<tbody>\n<tr>\n<td style=\"width: 50%; text-align: center;\" colspan=\"2\"><strong>Acciones pastorales y asistenciales<\/strong><\/td>\n<\/tr>\n<tr>\n<td style=\"width: 65%;\">Actividades pastorales<\/td>\n<td style=\"width: 50%; text-align: right;\">1.717.207,98 \u20ac<\/td>\n<\/tr>\n<tr>\n<td style=\"width: 65%;\">Actividades asistenciales<\/td>\n<td style=\"width: 50%; text-align: right;\">1.724.953,86 \u20ac<\/td>\n<\/tr>\n<tr>\n<td style=\"width: 65%;\">Ayuda a la Iglesia universal<\/td>\n<td style=\"width: 50%; text-align: right;\">118.219,50 \u20ac<\/td>\n<\/tr>\n<tr>\n<td style=\"width: 65%;\">Otras entregas a instituciones diocesanas<\/td>\n<td style=\"width: 50%; text-align: right;\">512.043,82 \u20ac<\/td>\n<\/tr>\n<tr>\n<td style=\"width: 50%; background-color: #006b54;\"><span style=\"color: #ffffff;\"><strong>TOTAL<\/strong><\/span><\/td>\n<td style=\"width: 50%; background-color: #006b54; text-align: right;\"><span style=\"color: #ffffff;\"><strong>4.072.425,16 \u20ac<\/strong><\/span><\/td>\n<\/tr>\n<\/tbody>\n<\/table>\n<p>&nbsp;<\/p>\n<table border=\"2\" style=\"width: 100%; border-collapse: collapse; margin-left: auto; margin-right: auto;\">\n<tbody>\n<tr>\n<td style=\"width: 120%; text-align: center;\" colspan=\"2\"><strong>Retribuci\u00f3n del clero<\/strong><\/td>\n<\/tr>\n<tr>\n<td style=\"width: 65%;\">Sueldos de sacerdotes y religiosos<\/td>\n<td style=\"width: 41.0714%; text-align: right;\">3.227.816,12 \u20ac<\/td>\n<\/tr>\n<tr>\n<td style=\"width: 65%;\">Seguridad Social y otras prestaciones\u00a0\u00a0\u00a0 sociales<\/td>\n<td style=\"width: 41.0714%; text-align: right;\">773.308,76 \u20ac<\/td>\n<\/tr>\n<tr>\n<td style=\"background-color: #006b54; width: 65%;\"><span style=\"color: #ffffff;\"><strong>TOTAL<\/strong><\/span><\/td>\n<td style=\"width: 41.0714%; background-color: #006b54; text-align: right;\"><strong><span style=\"color: #ffffff;\">4.001.124,88 \u20ac<\/span><\/strong><\/td>\n<\/tr>\n<\/tbody>\n<\/table>\n<p>&nbsp;<\/p>\n<table border=\"2\" style=\"width: 100%; border-collapse: collapse; margin-left: auto; margin-right: auto;\">\n<tbody>\n<tr>\n<td style=\"width: 50%; text-align: center;\" colspan=\"2\"><strong>Retribuci\u00f3n del personal seglar<\/strong><\/td>\n<\/tr>\n<tr>\n<td style=\"width: 65%;\">Salarios<\/td>\n<td style=\"width: 50%; text-align: right;\">28.529.379,08 \u20ac<\/td>\n<\/tr>\n<tr>\n<td style=\"width: 65%;\">Seguridad Social<\/td>\n<td style=\"width: 50%; text-align: right;\">7.974.494,89 \u20ac<\/td>\n<\/tr>\n<tr><\/tr>\n<tr>\n<td style=\"background-color: #006b54; width: 65%;\"><span style=\"color: #ffffff;\"><strong>TOTAL<\/strong><\/span><\/td>\n<td style=\"width: 50%; background-color: #006b54; text-align: right;\"><span style=\"color: #ffffff;\"><strong>36.503.873,97 \u20ac<\/strong><\/span><\/td>\n<\/tr>\n<\/tbody>\n<\/table>\n<p>&nbsp;<\/p>\n<table border=\"2\" style=\"width: 100%; border-collapse: collapse; margin-left: auto; margin-right: auto;\">\n<tbody>\n<tr>\n<td style=\"width: 120%; text-align: center;\" colspan=\"2\"><strong>Aportaciones a los centros de formaci\u00f3n<\/strong><\/td>\n<\/tr>\n<tr>\n<td style=\"width: 65%;\">Otros<\/td>\n<td style=\"width: 41.0714%; text-align: right;\">187.000,00 \u20ac<\/td>\n<\/tr>\n<tr><\/tr>\n<tr>\n<td style=\"background-color: #006b54; width: 65%;\"><span style=\"color: #ffffff;\"><strong>TOTAL<\/strong><\/span><\/td>\n<td style=\"width: 41.0714%; background-color: #006b54; text-align: right;\"><span style=\"color: #ffffff;\"><b>187.000,00 \u20ac<\/b><\/span><\/td>\n<\/tr>\n<\/tbody>\n<\/table>\n<p>&nbsp;<\/p>\n<table border=\"2\" style=\"width: 100%; border-collapse: collapse; margin-left: auto; margin-right: auto;\">\n<tbody>\n<tr>\n<td style=\"width: 120%; text-align: center;\" colspan=\"2\"><strong>Conservaci\u00f3n de edificios y gastos de funcionamiento<\/strong><\/td>\n<\/tr>\n<tr>\n<td style=\"width: 65%;\">Conservaci\u00f3n de edificios y gastos de funcionamiento<\/td>\n<td style=\"width: 41.0714%; text-align: right;\">19.042.784,31 \u20ac<\/td>\n<\/tr>\n<tr><\/tr>\n<tr>\n<td style=\"background-color: #006b54; width: 65%;\"><span style=\"color: #ffffff;\"><strong>TOTAL<\/strong><\/span><\/td>\n<td style=\"width: 41.0714%; background-color: #006b54; text-align: right;\"><span style=\"color: #ffffff;\"><b>19.042.784,31 \u20ac<\/b><\/span><\/td>\n<\/tr>\n<\/tbody>\n<\/table>\n<p>&nbsp;<\/p>\n<table border=\"2\" style=\"width: 100%; border-collapse: collapse; margin-left: auto; margin-right: auto;\">\n<tbody>\n<tr>\n<td style=\"background-color: #006b54; width: 65%;\"><span style=\"color: #ffffff;\"><strong>Total gastos ordinarios<\/strong><\/span><\/td>\n<td style=\"width: 41.0714%; background-color: #006b54; text-align: right;\"><strong><span style=\"color: #ffffff;\">63.807.208,32 \u20ac<\/span><\/strong><\/td>\n<\/tr>\n<\/tbody>\n<\/table>\n<p>&nbsp;<\/p>\n<table border=\"2\" style=\"width: 100%; border-collapse: collapse; margin-left: auto; margin-right: auto;\">\n<tbody>\n<tr>\n<td style=\"width: 111.071%; text-align: center;\" colspan=\"2\"><strong>Gastos extraordinarios<\/strong><\/td>\n<\/tr>\n<tr>\n<td style=\"width: 65%;\">Programas de rehabilitaci\u00f3n<\/td>\n<td style=\"width: 41.0714%; text-align: right;\">1.938.719,79 \u20ac<\/td>\n<\/tr>\n<tr>\n<td style=\"width: 65%;\">Otros gastos extraordinarios<\/td>\n<td style=\"width: 41.0714%; text-align: right;\">97.947,51 \u20ac<\/td>\n<\/tr>\n<tr>\n<td style=\"background-color: #006b54; width: 65%;\"><span style=\"color: #ffffff;\"><strong>TOTAL<\/strong><\/span><\/td>\n<td style=\"width: 41.0714%; background-color: #006b54; text-align: right;\"><span style=\"color: #ffffff;\"><b>2.036.667,30 \u20ac<\/b><\/span><\/td>\n<\/tr>\n<\/tbody>\n<\/table>\n<table border=\"2\" style=\"width: 100%; border-collapse: collapse; margin-left: auto; margin-right: auto;\">\n<tbody>\n<tr>\n<td style=\"background-color: #006b54; width: 65%;\"><span style=\"color: #ffffff;\"><strong>Capacidad de financiaci\u00f3n<\/strong><\/span><\/td>\n<td style=\"width: 41.0714%; background-color: #006b54; text-align: right;\"><strong><span style=\"color: #ffffff;\">15.224.213,57 \u20ac<\/span><\/strong><\/td>\n<\/tr>\n<\/tbody>\n<\/table>\n<p>&nbsp;[\/et_pb_text][\/et_pb_column][\/et_pb_row][et_pb_row column_structure=&#8221;1_2,1_2&#8243; _builder_version=&#8221;4.18.0&#8243; _module_preset=&#8221;default&#8221; global_colors_info=&#8221;{}&#8221;][et_pb_column type=&#8221;1_2&#8243; _builder_version=&#8221;4.18.0&#8243; _module_preset=&#8221;default&#8221; global_colors_info=&#8221;{}&#8221;][et_pb_text _builder_version=&#8221;4.23&#8243; _module_preset=&#8221;default&#8221; text_font=&#8221;||||||||&#8221; global_colors_info=&#8221;{}&#8221;]&nbsp;<\/p>\n<table border=\"2\" style=\"width: 100%; border-collapse: collapse; margin-left: auto; margin-right: auto;\">\n<tbody>\n<tr>\n<td style=\"background-color: #006b54; width: 65%;\"><span style=\"color: #ffffff;\"><strong>TOTAL INGRESOS<\/strong><\/span><\/td>\n<td style=\"width: 41.0714%; background-color: #006b54;\"><strong><span style=\"color: #ffffff;\">81.068.089,19 \u20ac<\/span><\/strong><\/td>\n<\/tr>\n<\/tbody>\n<\/table>\n<p>&nbsp;[\/et_pb_text][\/et_pb_column][et_pb_column type=&#8221;1_2&#8243; _builder_version=&#8221;4.18.0&#8243; _module_preset=&#8221;default&#8221; global_colors_info=&#8221;{}&#8221;][et_pb_text _builder_version=&#8221;4.23&#8243; _module_preset=&#8221;default&#8221; hover_enabled=&#8221;0&#8243; global_colors_info=&#8221;{}&#8221; sticky_enabled=&#8221;0&#8243;]&nbsp;<\/p>\n<table border=\"2\" style=\"width: 100%; border-collapse: collapse; margin-left: auto; margin-right: auto;\">\n<tbody>\n<tr>\n<td style=\"background-color: #006b54; width: 65%;\"><span style=\"color: #ffffff;\"><strong>TOTAL GASTOS<\/strong><\/span><\/td>\n<td style=\"width: 41.0714%; background-color: #006b54;\"><strong><span style=\"color: #ffffff;\">81.068.089,19 \u20ac<\/span><\/strong><\/td>\n<\/tr>\n<\/tbody>\n<\/table>\n<p>&nbsp;[\/et_pb_text][\/et_pb_column][\/et_pb_row][et_pb_row _builder_version=&#8221;4.18.0&#8243; _module_preset=&#8221;default&#8221; global_colors_info=&#8221;{}&#8221;][et_pb_column type=&#8221;4_4&#8243; _builder_version=&#8221;4.18.0&#8243; _module_preset=&#8221;default&#8221; global_colors_info=&#8221;{}&#8221;][et_pb_button button_url=&#8221;https:\/\/bit.ly\/Gure_Eliza_2023&#8243; url_new_window=&#8221;on&#8221; button_text=&#8221;Descarga revista %22Nuestra Iglesia%22 con todos los datos 2021&#8243; _builder_version=&#8221;4.23&#8243; _module_preset=&#8221;default&#8221; hover_enabled=&#8221;0&#8243; global_colors_info=&#8221;{}&#8221; sticky_enabled=&#8221;0&#8243;][\/et_pb_button][\/et_pb_column][\/et_pb_row][\/et_pb_section]<\/p>\n","protected":false},"excerpt":{"rendered":"<p>Cuenta de resultados Di\u00f3cesis de Bilbao. A\u00f1o 2022Ingresos ordinarios Aportaciones directas de los fieles Colectas 2.082.974,21 \u20ac Suscripciones 1.334.571,56 \u20ac Colectas para instituciones de la Iglesia 767.710,8 \u20ac Otros ingresos de los fieles 1.920.532,84 \u20ac TOTAL 6.105.789,41 \u20ac &nbsp; Asignaci\u00f3n tributaria (Fondo Com\u00fan Interdiocesano) Fondo Com\u00fan Interdiocesano 3.907.516,42 \u20ac TOTAL 3.907.516,42 \u20ac &nbsp; Ingresos de [&hellip;]<\/p>\n","protected":false},"author":1,"featured_media":0,"parent":0,"menu_order":0,"comment_status":"closed","ping_status":"closed","template":"","meta":{"_acf_changed":false,"_et_pb_use_builder":"on","_et_pb_old_content":"","_et_gb_content_width":"","footnotes":""},"class_list":["post-3298","page","type-page","status-publish","hentry"],"acf":[],"yoast_head":"<!-- This site is optimized with the Yoast SEO plugin v27.4 - https:\/\/yoast.com\/product\/yoast-seo-wordpress\/ -->\n<title>2022ko barri ekonomikoak - Portal Transparencia Obispado de Bilbao<\/title>\n<meta name=\"robots\" content=\"index, follow, max-snippet:-1, max-image-preview:large, max-video-preview:-1\" \/>\n<link rel=\"canonical\" href=\"https:\/\/transparencia.bizkeliza.org\/balantze-ekonomikoak\/2022ko-barri-ekonomikoak\/\" \/>\n<meta property=\"og:locale\" content=\"eu_ES\" \/>\n<meta property=\"og:type\" content=\"article\" \/>\n<meta property=\"og:title\" content=\"2022ko barri ekonomikoak - Portal Transparencia Obispado de Bilbao\" \/>\n<meta property=\"og:description\" content=\"Cuenta de resultados Di\u00f3cesis de Bilbao. A\u00f1o 2022Ingresos ordinarios Aportaciones directas de los fieles Colectas 2.082.974,21 \u20ac Suscripciones 1.334.571,56 \u20ac Colectas para instituciones de la Iglesia 767.710,8 \u20ac Otros ingresos de los fieles 1.920.532,84 \u20ac TOTAL 6.105.789,41 \u20ac &nbsp; Asignaci\u00f3n tributaria (Fondo Com\u00fan Interdiocesano) Fondo Com\u00fan Interdiocesano 3.907.516,42 \u20ac TOTAL 3.907.516,42 \u20ac &nbsp; Ingresos de [&hellip;]\" \/>\n<meta property=\"og:url\" content=\"https:\/\/transparencia.bizkeliza.org\/balantze-ekonomikoak\/2022ko-barri-ekonomikoak\/\" \/>\n<meta property=\"og:site_name\" content=\"Portal Transparencia Obispado de Bilbao\" \/>\n<meta name=\"twitter:card\" content=\"summary_large_image\" \/>\n<meta name=\"twitter:label1\" content=\"Est. reading time\" \/>\n\t<meta name=\"twitter:data1\" content=\"3 minutes\" \/>\n<script type=\"application\/ld+json\" class=\"yoast-schema-graph\">{\"@context\":\"https:\\\/\\\/schema.org\",\"@graph\":[{\"@type\":\"WebPage\",\"@id\":\"https:\\\/\\\/transparencia.bizkeliza.org\\\/balantze-ekonomikoak\\\/2022ko-barri-ekonomikoak\\\/\",\"url\":\"https:\\\/\\\/transparencia.bizkeliza.org\\\/balantze-ekonomikoak\\\/2022ko-barri-ekonomikoak\\\/\",\"name\":\"2022ko barri ekonomikoak - Portal Transparencia Obispado de Bilbao\",\"isPartOf\":{\"@id\":\"https:\\\/\\\/transparencia.bizkeliza.org\\\/#website\"},\"datePublished\":\"2023-11-02T12:10:15+00:00\",\"breadcrumb\":{\"@id\":\"https:\\\/\\\/transparencia.bizkeliza.org\\\/balantze-ekonomikoak\\\/2022ko-barri-ekonomikoak\\\/#breadcrumb\"},\"inLanguage\":\"eu-ES\",\"potentialAction\":[{\"@type\":\"ReadAction\",\"target\":[\"https:\\\/\\\/transparencia.bizkeliza.org\\\/balantze-ekonomikoak\\\/2022ko-barri-ekonomikoak\\\/\"]}]},{\"@type\":\"BreadcrumbList\",\"@id\":\"https:\\\/\\\/transparencia.bizkeliza.org\\\/balantze-ekonomikoak\\\/2022ko-barri-ekonomikoak\\\/#breadcrumb\",\"itemListElement\":[{\"@type\":\"ListItem\",\"position\":1,\"name\":\"Portada\",\"item\":\"https:\\\/\\\/transparencia.bizkeliza.org\\\/\"},{\"@type\":\"ListItem\",\"position\":2,\"name\":\"Balantze ekonomikoak\",\"item\":\"https:\\\/\\\/transparencia.bizkeliza.org\\\/eu\\\/balantze-ekonomikoak\\\/\"},{\"@type\":\"ListItem\",\"position\":3,\"name\":\"2022ko barri ekonomikoak\"}]},{\"@type\":\"WebSite\",\"@id\":\"https:\\\/\\\/transparencia.bizkeliza.org\\\/#website\",\"url\":\"https:\\\/\\\/transparencia.bizkeliza.org\\\/\",\"name\":\"Portal Transparencia Obispado de Bilbao\",\"description\":\"Portal de transparencia del Obispado de Bilbao\",\"potentialAction\":[{\"@type\":\"SearchAction\",\"target\":{\"@type\":\"EntryPoint\",\"urlTemplate\":\"https:\\\/\\\/transparencia.bizkeliza.org\\\/?s={search_term_string}\"},\"query-input\":{\"@type\":\"PropertyValueSpecification\",\"valueRequired\":true,\"valueName\":\"search_term_string\"}}],\"inLanguage\":\"eu-ES\"}]}<\/script>\n<!-- \/ Yoast SEO plugin. -->","yoast_head_json":{"title":"2022ko barri ekonomikoak - Portal Transparencia Obispado de Bilbao","robots":{"index":"index","follow":"follow","max-snippet":"max-snippet:-1","max-image-preview":"max-image-preview:large","max-video-preview":"max-video-preview:-1"},"canonical":"https:\/\/transparencia.bizkeliza.org\/balantze-ekonomikoak\/2022ko-barri-ekonomikoak\/","og_locale":"eu_ES","og_type":"article","og_title":"2022ko barri ekonomikoak - Portal Transparencia Obispado de Bilbao","og_description":"Cuenta de resultados Di\u00f3cesis de Bilbao. A\u00f1o 2022Ingresos ordinarios Aportaciones directas de los fieles Colectas 2.082.974,21 \u20ac Suscripciones 1.334.571,56 \u20ac Colectas para instituciones de la Iglesia 767.710,8 \u20ac Otros ingresos de los fieles 1.920.532,84 \u20ac TOTAL 6.105.789,41 \u20ac &nbsp; Asignaci\u00f3n tributaria (Fondo Com\u00fan Interdiocesano) Fondo Com\u00fan Interdiocesano 3.907.516,42 \u20ac TOTAL 3.907.516,42 \u20ac &nbsp; Ingresos de [&hellip;]","og_url":"https:\/\/transparencia.bizkeliza.org\/balantze-ekonomikoak\/2022ko-barri-ekonomikoak\/","og_site_name":"Portal Transparencia Obispado de Bilbao","twitter_card":"summary_large_image","twitter_misc":{"Est. reading time":"3 minutes"},"schema":{"@context":"https:\/\/schema.org","@graph":[{"@type":"WebPage","@id":"https:\/\/transparencia.bizkeliza.org\/balantze-ekonomikoak\/2022ko-barri-ekonomikoak\/","url":"https:\/\/transparencia.bizkeliza.org\/balantze-ekonomikoak\/2022ko-barri-ekonomikoak\/","name":"2022ko barri ekonomikoak - Portal Transparencia Obispado de Bilbao","isPartOf":{"@id":"https:\/\/transparencia.bizkeliza.org\/#website"},"datePublished":"2023-11-02T12:10:15+00:00","breadcrumb":{"@id":"https:\/\/transparencia.bizkeliza.org\/balantze-ekonomikoak\/2022ko-barri-ekonomikoak\/#breadcrumb"},"inLanguage":"eu-ES","potentialAction":[{"@type":"ReadAction","target":["https:\/\/transparencia.bizkeliza.org\/balantze-ekonomikoak\/2022ko-barri-ekonomikoak\/"]}]},{"@type":"BreadcrumbList","@id":"https:\/\/transparencia.bizkeliza.org\/balantze-ekonomikoak\/2022ko-barri-ekonomikoak\/#breadcrumb","itemListElement":[{"@type":"ListItem","position":1,"name":"Portada","item":"https:\/\/transparencia.bizkeliza.org\/"},{"@type":"ListItem","position":2,"name":"Balantze ekonomikoak","item":"https:\/\/transparencia.bizkeliza.org\/eu\/balantze-ekonomikoak\/"},{"@type":"ListItem","position":3,"name":"2022ko barri ekonomikoak"}]},{"@type":"WebSite","@id":"https:\/\/transparencia.bizkeliza.org\/#website","url":"https:\/\/transparencia.bizkeliza.org\/","name":"Portal Transparencia Obispado de Bilbao","description":"Portal de transparencia del Obispado de Bilbao","potentialAction":[{"@type":"SearchAction","target":{"@type":"EntryPoint","urlTemplate":"https:\/\/transparencia.bizkeliza.org\/?s={search_term_string}"},"query-input":{"@type":"PropertyValueSpecification","valueRequired":true,"valueName":"search_term_string"}}],"inLanguage":"eu-ES"}]}},"_links":{"self":[{"href":"https:\/\/transparencia.bizkeliza.org\/eu\/wp-json\/wp\/v2\/pages\/3298","targetHints":{"allow":["GET"]}}],"collection":[{"href":"https:\/\/transparencia.bizkeliza.org\/eu\/wp-json\/wp\/v2\/pages"}],"about":[{"href":"https:\/\/transparencia.bizkeliza.org\/eu\/wp-json\/wp\/v2\/types\/page"}],"author":[{"embeddable":true,"href":"https:\/\/transparencia.bizkeliza.org\/eu\/wp-json\/wp\/v2\/users\/1"}],"replies":[{"embeddable":true,"href":"https:\/\/transparencia.bizkeliza.org\/eu\/wp-json\/wp\/v2\/comments?post=3298"}],"version-history":[{"count":0,"href":"https:\/\/transparencia.bizkeliza.org\/eu\/wp-json\/wp\/v2\/pages\/3298\/revisions"}],"wp:attachment":[{"href":"https:\/\/transparencia.bizkeliza.org\/eu\/wp-json\/wp\/v2\/media?parent=3298"}],"curies":[{"name":"wp","href":"https:\/\/api.w.org\/{rel}","templated":true}]}}